
{"id":15,"date":"2024-01-18T14:17:47","date_gmt":"2024-01-18T13:17:47","guid":{"rendered":"https:\/\/sabrierpaunet.com\/?page_id=15"},"modified":"2026-03-25T10:52:34","modified_gmt":"2026-03-25T09:52:34","slug":"a-propos-de","status":"publish","type":"page","link":"https:\/\/sabrierpaunet.com\/","title":{"rendered":"Actualit\u00e9s"},"content":{"rendered":"\n<div class=\"wp-block-nk-awb nk-awb alignfull nk-awb-fullheight nk-awb-content-valign-bottom premierblock\" style=\"min-height:100vh\"><div class=\"nk-awb-wrap\" data-awb-type=\"image\" data-awb-parallax=\"scroll\" data-awb-parallax-speed=\"0.7\" data-awb-parallax-mobile=\"true\" data-awb-image-background-size=\"cover\" data-awb-image-background-position=\"11% 21%\"><div class=\"nk-awb-inner\"><img loading=\"lazy\" decoding=\"async\" src=\"https:\/\/sabrierpaunet.com\/wp-content\/uploads\/2026\/01\/saint_aubin_127x84mm_det_hd-scaled.jpg\" class=\"wp-image-1506 jarallax-img\" width=\"3500\" height=\"3020\" srcset=\"https:\/\/sabrierpaunet.com\/wp-content\/uploads\/2026\/01\/saint_aubin_127x84mm_det_hd-scaled.jpg 3500w, https:\/\/sabrierpaunet.com\/wp-content\/uploads\/2026\/01\/saint_aubin_127x84mm_det_hd-300x259.jpg 300w, https:\/\/sabrierpaunet.com\/wp-content\/uploads\/2026\/01\/saint_aubin_127x84mm_det_hd-1024x884.jpg 1024w, https:\/\/sabrierpaunet.com\/wp-content\/uploads\/2026\/01\/saint_aubin_127x84mm_det_hd-768x663.jpg 768w, https:\/\/sabrierpaunet.com\/wp-content\/uploads\/2026\/01\/saint_aubin_127x84mm_det_hd-1536x1325.jpg 1536w, https:\/\/sabrierpaunet.com\/wp-content\/uploads\/2026\/01\/saint_aubin_127x84mm_det_hd-2048x1767.jpg 2048w, https:\/\/sabrierpaunet.com\/wp-content\/uploads\/2026\/01\/saint_aubin_127x84mm_det_hd-500x431.jpg 500w, https:\/\/sabrierpaunet.com\/wp-content\/uploads\/2026\/01\/saint_aubin_127x84mm_det_hd-800x690.jpg 800w, https:\/\/sabrierpaunet.com\/wp-content\/uploads\/2026\/01\/saint_aubin_127x84mm_det_hd-1280x1105.jpg 1280w, https:\/\/sabrierpaunet.com\/wp-content\/uploads\/2026\/01\/saint_aubin_127x84mm_det_hd-1920x1657.jpg 1920w\" sizes=\"auto, (max-width: 3500px) 100vw, 3500px\" \/><\/div><\/div><div class=\"nk-awb-wrap-content is-layout-flow wp-block-nk-awb-is-layout-flow\">\n<div class=\"wp-block-columns is-layout-flex wp-container-core-columns-is-layout-70a683cc wp-block-columns-is-layout-flex\" style=\"margin-top:0;margin-bottom:0;padding-right:var(--wp--preset--spacing--50);padding-left:var(--wp--preset--spacing--50)\">\n<div class=\"wp-block-column is-layout-flow wp-block-column-is-layout-flow\" style=\"flex-basis:1000%\">\n<h1 class=\"wp-block-heading has-ast-global-color-5-color has-text-color has-link-color wp-elements-b7fd99ce5b6a3a0643cb11d2d928f282\" data-aos=\"fade\" data-aos-mirror=\"true\" data-aos-offset=\"200\">Salon du dessin<\/h1>\n\n\n\n<h2 class=\"wp-block-heading has-ast-global-color-5-color has-text-color has-link-color wp-elements-97681ee875da25bb9e9e583a658c4675\" data-aos=\"fade\" data-aos-mirror=\"true\" data-aos-offset=\"200\">34<sup>e<\/sup> \u00c9DITION<\/h2>\n\n\n\n<div class=\"wp-block-columns is-layout-flex wp-container-core-columns-is-layout-28f84493 wp-block-columns-is-layout-flex\">\n<div class=\"wp-block-column is-vertically-aligned-top is-layout-flow wp-block-column-is-layout-flow\" style=\"flex-basis:100%\">\n<h3 class=\"wp-block-heading has-ast-global-color-5-color has-text-color has-link-color wp-elements-5afaa26e2d6994d56e59e67e2b579e59\" data-aos=\"fade\" data-aos-mirror=\"true\" data-aos-offset=\"180\">Du 25 au 30 mars 2026<\/h3>\n\n\n\n<h6 class=\"wp-block-heading has-shadow has-ast-global-color-5-color has-text-color has-link-color wp-elements-372b323fe07a91a6412663931a79ee59\" data-aos=\"fade\" data-aos-mirror=\"true\" data-aos-offset=\"180\">Paris, Palais Brongniart<br><br><\/h6>\n<\/div>\n<\/div>\n\n\n\n<div class=\"wp-block-buttons is-content-justification-left is-layout-flex wp-container-core-buttons-is-layout-fc4fd283 wp-block-buttons-is-layout-flex\">\n<div class=\"wp-block-button\"><a class=\"wp-block-button__link wp-element-button\" href=\"https:\/\/sabrierpaunet.com\/index.php\/catalogues\/\">Voir les catalogues<\/a><\/div>\n<\/div>\n\n\n\n<div style=\"height:200px\" aria-hidden=\"true\" class=\"wp-block-spacer\"><\/div>\n<\/div>\n<\/div>\n<\/div><\/div>\n\n\n\n<div class=\"wp-block-nk-awb nk-awb alignfull nk-awb-fullheight nk-awb-content-valign-center\" style=\"min-height:100vh\"><div class=\"nk-awb-wrap\" data-awb-type=\"image\" data-awb-parallax=\"scroll\" data-awb-parallax-speed=\"0.7\" data-awb-parallax-mobile=\"true\" data-awb-image-background-size=\"cover\" data-awb-image-background-position=\"50% 33%\"><div class=\"nk-awb-inner\"><img loading=\"lazy\" decoding=\"async\" src=\"https:\/\/sabrierpaunet.com\/wp-content\/uploads\/2024\/01\/Dessins-Napolitains-1210131_websize.jpg\" class=\"wp-image-122 jarallax-img\" width=\"1577\" height=\"1600\" srcset=\"https:\/\/sabrierpaunet.com\/wp-content\/uploads\/2024\/01\/Dessins-Napolitains-1210131_websize.jpg 1577w, https:\/\/sabrierpaunet.com\/wp-content\/uploads\/2024\/01\/Dessins-Napolitains-1210131_websize-296x300.jpg 296w, https:\/\/sabrierpaunet.com\/wp-content\/uploads\/2024\/01\/Dessins-Napolitains-1210131_websize-1009x1024.jpg 1009w, https:\/\/sabrierpaunet.com\/wp-content\/uploads\/2024\/01\/Dessins-Napolitains-1210131_websize-768x779.jpg 768w, https:\/\/sabrierpaunet.com\/wp-content\/uploads\/2024\/01\/Dessins-Napolitains-1210131_websize-1514x1536.jpg 1514w\" sizes=\"auto, (max-width: 1577px) 100vw, 1577px\" \/><\/div><\/div><div class=\"nk-awb-wrap-content is-layout-flow wp-block-nk-awb-is-layout-flow\">\n<div class=\"wp-block-buttons is-content-justification-center is-layout-flex wp-container-core-buttons-is-layout-a89b3969 wp-block-buttons-is-layout-flex\">\n<div class=\"wp-block-button\" data-aos=\"fade\" data-aos-mirror=\"true\" data-aos-offset=\"200\"><a class=\"wp-block-button__link wp-element-button\" href=\"https:\/\/sabrierpaunet.com\/index.php\/expositions\">Expositions pass\u00e9es<\/a><\/div>\n<\/div>\n<\/div><\/div>\n\n\n\n<div class=\"wp-block-nk-awb nk-awb alignfull nk-awb-fullheight nk-awb-content-valign-center\" style=\"min-height:100vh\"><div class=\"nk-awb-wrap\" data-awb-type=\"image\" data-awb-parallax=\"scroll\" data-awb-parallax-speed=\"0.7\" data-awb-parallax-mobile=\"true\" data-awb-image-background-size=\"cover\" data-awb-image-background-position=\"50% 50%\"><div class=\"nk-awb-inner\"><img loading=\"lazy\" decoding=\"async\" src=\"https:\/\/sabrierpaunet.com\/wp-content\/uploads\/2024\/01\/lunenschloss_520x720mm_r_hd-1-scaled.jpg\" class=\"wp-image-101 jarallax-img\" width=\"2560\" height=\"1843\" srcset=\"https:\/\/sabrierpaunet.com\/wp-content\/uploads\/2024\/01\/lunenschloss_520x720mm_r_hd-1-scaled.jpg 2560w, https:\/\/sabrierpaunet.com\/wp-content\/uploads\/2024\/01\/lunenschloss_520x720mm_r_hd-1-300x216.jpg 300w, https:\/\/sabrierpaunet.com\/wp-content\/uploads\/2024\/01\/lunenschloss_520x720mm_r_hd-1-1024x737.jpg 1024w, https:\/\/sabrierpaunet.com\/wp-content\/uploads\/2024\/01\/lunenschloss_520x720mm_r_hd-1-768x553.jpg 768w, https:\/\/sabrierpaunet.com\/wp-content\/uploads\/2024\/01\/lunenschloss_520x720mm_r_hd-1-1536x1106.jpg 1536w, https:\/\/sabrierpaunet.com\/wp-content\/uploads\/2024\/01\/lunenschloss_520x720mm_r_hd-1-2048x1475.jpg 2048w\" sizes=\"auto, (max-width: 2560px) 100vw, 2560px\" \/><\/div><\/div><div class=\"nk-awb-wrap-content is-layout-flow wp-block-nk-awb-is-layout-flow\">\n<div class=\"wp-block-buttons is-layout-flex wp-block-buttons-is-layout-flex\">\n<div class=\"wp-block-button\" data-aos=\"fade\" data-aos-mirror=\"true\" data-aos-offset=\"200\"><a class=\"wp-block-button__link wp-element-button\" href=\"https:\/\/sabrierpaunet.com\/index.php\/catalogues\/\">Catalogues<\/a><\/div>\n<\/div>\n<\/div><\/div>\n\n\n\n<div class=\"wp-block-nk-awb nk-awb alignfull nk-awb-fullheight nk-awb-content-valign-center\" style=\"min-height:100vh\"><div class=\"nk-awb-wrap\" data-awb-type=\"image\" data-awb-parallax=\"scroll\" data-awb-parallax-speed=\"0.7\" data-awb-parallax-mobile=\"false\" data-awb-image-background-size=\"cover\" data-awb-image-background-position=\"50% 40%\"><div class=\"nk-awb-inner\"><img loading=\"lazy\" decoding=\"async\" src=\"https:\/\/sabrierpaunet.com\/wp-content\/uploads\/2024\/01\/gemito_555x365mm_r_hd-scaled-e1705603603992.jpg\" class=\"wp-image-87 jarallax-img\" width=\"1638\" height=\"2022\" srcset=\"https:\/\/sabrierpaunet.com\/wp-content\/uploads\/2024\/01\/gemito_555x365mm_r_hd-scaled-e1705603603992.jpg 1638w, https:\/\/sabrierpaunet.com\/wp-content\/uploads\/2024\/01\/gemito_555x365mm_r_hd-scaled-e1705603603992-243x300.jpg 243w, https:\/\/sabrierpaunet.com\/wp-content\/uploads\/2024\/01\/gemito_555x365mm_r_hd-scaled-e1705603603992-830x1024.jpg 830w, https:\/\/sabrierpaunet.com\/wp-content\/uploads\/2024\/01\/gemito_555x365mm_r_hd-scaled-e1705603603992-768x948.jpg 768w, https:\/\/sabrierpaunet.com\/wp-content\/uploads\/2024\/01\/gemito_555x365mm_r_hd-scaled-e1705603603992-1244x1536.jpg 1244w\" sizes=\"auto, (max-width: 1638px) 100vw, 1638px\" \/><\/div><\/div><div class=\"nk-awb-wrap-content is-layout-flow wp-block-nk-awb-is-layout-flow\">\n<div class=\"wp-block-buttons is-content-justification-center is-layout-flex wp-container-core-buttons-is-layout-a89b3969 wp-block-buttons-is-layout-flex\">\n<div class=\"wp-block-button\" data-aos=\"fade\" data-aos-mirror=\"true\" data-aos-offset=\"200\"><a class=\"wp-block-button__link wp-element-button\" href=\"https:\/\/sabrierpaunet.com\/index.php\/oeuvres-notables\">\u0152uvres notables<\/a><\/div>\n<\/div>\n<\/div><\/div>\n\n\n\n<div class=\"wp-block-nk-awb nk-awb alignfull nk-awb-fullheight nk-awb-content-valign-center\" style=\"min-height:100vh\"><div class=\"nk-awb-wrap\" data-awb-type=\"image\" data-awb-parallax=\"scroll\" data-awb-parallax-speed=\"0.7\" data-awb-parallax-mobile=\"true\" data-awb-image-background-size=\"cover\" data-awb-image-background-position=\"50% 50%\"><div class=\"nk-awb-inner\"><img loading=\"lazy\" decoding=\"async\" src=\"https:\/\/sabrierpaunet.com\/wp-content\/uploads\/2024\/01\/009_250x345mm_r_hd_det-scaled.jpg\" class=\"wp-image-94 jarallax-img\" width=\"2511\" height=\"2560\" srcset=\"https:\/\/sabrierpaunet.com\/wp-content\/uploads\/2024\/01\/009_250x345mm_r_hd_det-scaled.jpg 2511w, https:\/\/sabrierpaunet.com\/wp-content\/uploads\/2024\/01\/009_250x345mm_r_hd_det-294x300.jpg 294w, https:\/\/sabrierpaunet.com\/wp-content\/uploads\/2024\/01\/009_250x345mm_r_hd_det-1004x1024.jpg 1004w, https:\/\/sabrierpaunet.com\/wp-content\/uploads\/2024\/01\/009_250x345mm_r_hd_det-768x783.jpg 768w, https:\/\/sabrierpaunet.com\/wp-content\/uploads\/2024\/01\/009_250x345mm_r_hd_det-1506x1536.jpg 1506w, https:\/\/sabrierpaunet.com\/wp-content\/uploads\/2024\/01\/009_250x345mm_r_hd_det-2009x2048.jpg 2009w\" sizes=\"auto, (max-width: 2511px) 100vw, 2511px\" \/><\/div><\/div><div class=\"nk-awb-wrap-content is-layout-flow wp-block-nk-awb-is-layout-flow\">\n<div class=\"wp-block-buttons is-content-justification-center is-layout-flex wp-container-core-buttons-is-layout-a89b3969 wp-block-buttons-is-layout-flex\">\n<div class=\"wp-block-button\" data-aos=\"fade\" data-aos-mirror=\"true\" data-aos-offset=\"200\"><a class=\"wp-block-button__link wp-element-button\" href=\"mailto:info@sabrierpaunet.com\">Contactez-nous<\/a><\/div>\n<\/div>\n<\/div><\/div>\n","protected":false},"excerpt":{"rendered":"","protected":false},"author":2,"featured_media":0,"parent":0,"menu_order":14,"comment_status":"closed","ping_status":"closed","template":"","meta":{"site-sidebar-layout":"default","site-content-layout":"","ast-site-content-layout":"full-width-container","site-content-style":"default","site-sidebar-style":"default","ast-global-header-display":"","ast-banner-title-visibility":"","ast-main-header-display":"","ast-hfb-above-header-display":"","ast-hfb-below-header-display":"","ast-hfb-mobile-header-display":"","site-post-title":"disabled","ast-breadcrumbs-content":"","ast-featured-img":"","footer-sml-layout":"","theme-transparent-header-meta":"","adv-header-id-meta":"","stick-header-meta":"","header-above-stick-meta":"","header-main-stick-meta":"","header-below-stick-meta":"","astra-migrate-meta-layouts":"default","ast-page-background-enabled":"default","ast-page-background-meta":{"desktop":{"background-color":"var(--ast-global-color-4)","background-image":"","background-repeat":"repeat","background-position":"center center","background-size":"auto","background-attachment":"scroll","background-type":"","background-media":"","overlay-type":"","overlay-color":"","overlay-gradient":""},"tablet":{"background-color":"","background-image":"","background-repeat":"repeat","background-position":"center center","background-size":"auto","background-attachment":"scroll","background-type":"","background-media":"","overlay-type":"","overlay-color":"","overlay-gradient":""},"mobile":{"background-color":"","background-image":"","background-repeat":"repeat","background-position":"center center","background-size":"auto","background-attachment":"scroll","background-type":"","background-media":"","overlay-type":"","overlay-color":"","overlay-gradient":""}},"ast-content-background-meta":{"desktop":{"background-color":"var(--ast-global-color-5)","background-image":"","background-repeat":"repeat","background-position":"center center","background-size":"auto","background-attachment":"scroll","background-type":"","background-media":"","overlay-type":"","overlay-color":"","overlay-gradient":""},"tablet":{"background-color":"var(--ast-global-color-5)","background-image":"","background-repeat":"repeat","background-position":"center center","background-size":"auto","background-attachment":"scroll","background-type":"","background-media":"","overlay-type":"","overlay-color":"","overlay-gradient":""},"mobile":{"background-color":"var(--ast-global-color-5)","background-image":"","background-repeat":"repeat","background-position":"center center","background-size":"auto","background-attachment":"scroll","background-type":"","background-media":"","overlay-type":"","overlay-color":"","overlay-gradient":""}},"footnotes":""},"class_list":["post-15","page","type-page","status-publish","hentry"],"yoast_head":"<!-- This site is optimized with the Yoast SEO plugin v24.3 - https:\/\/yoast.com\/wordpress\/plugins\/seo\/ -->\n<title>Actualit\u00e9s - Sabrier &amp; Paunet<\/title>\n<meta name=\"robots\" content=\"index, follow, max-snippet:-1, max-image-preview:large, max-video-preview:-1\" \/>\n<link rel=\"canonical\" href=\"https:\/\/sabrierpaunet.com\/\" \/>\n<meta property=\"og:locale\" content=\"fr_FR\" \/>\n<meta property=\"og:type\" content=\"article\" \/>\n<meta property=\"og:title\" content=\"Actualit\u00e9s - Sabrier &amp; Paunet\" \/>\n<meta property=\"og:url\" content=\"https:\/\/sabrierpaunet.com\/\" \/>\n<meta property=\"og:site_name\" content=\"Sabrier &amp; Paunet\" \/>\n<meta property=\"article:modified_time\" content=\"2026-03-25T09:52:34+00:00\" \/>\n<meta property=\"og:image\" content=\"https:\/\/sabrierpaunet.com\/wp-content\/uploads\/2026\/01\/saint_aubin_127x84mm_det_hd-1024x884.jpg\" \/>\n\t<meta property=\"og:image:width\" content=\"1024\" \/>\n\t<meta property=\"og:image:height\" content=\"884\" \/>\n\t<meta property=\"og:image:type\" content=\"image\/jpeg\" \/>\n<meta name=\"twitter:card\" content=\"summary_large_image\" \/>\n<meta name=\"twitter:label1\" content=\"Dur\u00e9e de lecture estim\u00e9e\" \/>\n\t<meta name=\"twitter:data1\" content=\"2 minutes\" \/>\n<script type=\"application\/ld+json\" class=\"yoast-schema-graph\">{\"@context\":\"https:\/\/schema.org\",\"@graph\":[{\"@type\":\"WebPage\",\"@id\":\"https:\/\/sabrierpaunet.com\/\",\"url\":\"https:\/\/sabrierpaunet.com\/\",\"name\":\"Actualit\u00e9s - Sabrier &amp; Paunet\",\"isPartOf\":{\"@id\":\"https:\/\/sabrierpaunet.com\/#website\"},\"primaryImageOfPage\":{\"@id\":\"https:\/\/sabrierpaunet.com\/#primaryimage\"},\"image\":{\"@id\":\"https:\/\/sabrierpaunet.com\/#primaryimage\"},\"thumbnailUrl\":\"https:\/\/sabrierpaunet.com\/wp-content\/uploads\/2026\/01\/saint_aubin_127x84mm_det_hd-scaled.jpg\",\"datePublished\":\"2024-01-18T13:17:47+00:00\",\"dateModified\":\"2026-03-25T09:52:34+00:00\",\"breadcrumb\":{\"@id\":\"https:\/\/sabrierpaunet.com\/#breadcrumb\"},\"inLanguage\":\"fr-FR\",\"potentialAction\":[{\"@type\":\"ReadAction\",\"target\":[\"https:\/\/sabrierpaunet.com\/\"]}]},{\"@type\":\"ImageObject\",\"inLanguage\":\"fr-FR\",\"@id\":\"https:\/\/sabrierpaunet.com\/#primaryimage\",\"url\":\"https:\/\/sabrierpaunet.com\/wp-content\/uploads\/2026\/01\/saint_aubin_127x84mm_det_hd-scaled.jpg\",\"contentUrl\":\"https:\/\/sabrierpaunet.com\/wp-content\/uploads\/2026\/01\/saint_aubin_127x84mm_det_hd-scaled.jpg\",\"width\":3500,\"height\":3020},{\"@type\":\"BreadcrumbList\",\"@id\":\"https:\/\/sabrierpaunet.com\/#breadcrumb\",\"itemListElement\":[{\"@type\":\"ListItem\",\"position\":1,\"name\":\"Accueil\",\"item\":\"https:\/\/sabrierpaunet.com\/\"},{\"@type\":\"ListItem\",\"position\":2,\"name\":\"Actualit\u00e9s\"}]},{\"@type\":\"WebSite\",\"@id\":\"https:\/\/sabrierpaunet.com\/#website\",\"url\":\"https:\/\/sabrierpaunet.com\/\",\"name\":\"Sabrier & Paunet\",\"description\":\"\u0153uvres sur papier de ma\u00eetres anciens et du XIXe si\u00e8cle\",\"publisher\":{\"@id\":\"https:\/\/sabrierpaunet.com\/#organization\"},\"potentialAction\":[{\"@type\":\"SearchAction\",\"target\":{\"@type\":\"EntryPoint\",\"urlTemplate\":\"https:\/\/sabrierpaunet.com\/?s={search_term_string}\"},\"query-input\":{\"@type\":\"PropertyValueSpecification\",\"valueRequired\":true,\"valueName\":\"search_term_string\"}}],\"inLanguage\":\"fr-FR\"},{\"@type\":\"Organization\",\"@id\":\"https:\/\/sabrierpaunet.com\/#organization\",\"name\":\"Sabrier & Paunet\",\"url\":\"https:\/\/sabrierpaunet.com\/\",\"logo\":{\"@type\":\"ImageObject\",\"inLanguage\":\"fr-FR\",\"@id\":\"https:\/\/sabrierpaunet.com\/#\/schema\/logo\/image\/\",\"url\":\"https:\/\/sabrierpaunet.com\/wp-content\/uploads\/2024\/01\/logo_Square_Web_new.png\",\"contentUrl\":\"https:\/\/sabrierpaunet.com\/wp-content\/uploads\/2024\/01\/logo_Square_Web_new.png\",\"width\":1000,\"height\":1000,\"caption\":\"Sabrier & Paunet\"},\"image\":{\"@id\":\"https:\/\/sabrierpaunet.com\/#\/schema\/logo\/image\/\"},\"sameAs\":[\"https:\/\/www.instagram.com\/sabrier_paunet\"]}]}<\/script>\n<!-- \/ Yoast SEO plugin. -->","yoast_head_json":{"title":"Actualit\u00e9s - Sabrier &amp; Paunet","robots":{"index":"index","follow":"follow","max-snippet":"max-snippet:-1","max-image-preview":"max-image-preview:large","max-video-preview":"max-video-preview:-1"},"canonical":"https:\/\/sabrierpaunet.com\/","og_locale":"fr_FR","og_type":"article","og_title":"Actualit\u00e9s - Sabrier &amp; Paunet","og_url":"https:\/\/sabrierpaunet.com\/","og_site_name":"Sabrier &amp; Paunet","article_modified_time":"2026-03-25T09:52:34+00:00","og_image":[{"width":1024,"height":884,"url":"https:\/\/sabrierpaunet.com\/wp-content\/uploads\/2026\/01\/saint_aubin_127x84mm_det_hd-1024x884.jpg","type":"image\/jpeg"}],"twitter_card":"summary_large_image","twitter_misc":{"Dur\u00e9e de lecture estim\u00e9e":"2 minutes"},"schema":{"@context":"https:\/\/schema.org","@graph":[{"@type":"WebPage","@id":"https:\/\/sabrierpaunet.com\/","url":"https:\/\/sabrierpaunet.com\/","name":"Actualit\u00e9s - Sabrier &amp; Paunet","isPartOf":{"@id":"https:\/\/sabrierpaunet.com\/#website"},"primaryImageOfPage":{"@id":"https:\/\/sabrierpaunet.com\/#primaryimage"},"image":{"@id":"https:\/\/sabrierpaunet.com\/#primaryimage"},"thumbnailUrl":"https:\/\/sabrierpaunet.com\/wp-content\/uploads\/2026\/01\/saint_aubin_127x84mm_det_hd-scaled.jpg","datePublished":"2024-01-18T13:17:47+00:00","dateModified":"2026-03-25T09:52:34+00:00","breadcrumb":{"@id":"https:\/\/sabrierpaunet.com\/#breadcrumb"},"inLanguage":"fr-FR","potentialAction":[{"@type":"ReadAction","target":["https:\/\/sabrierpaunet.com\/"]}]},{"@type":"ImageObject","inLanguage":"fr-FR","@id":"https:\/\/sabrierpaunet.com\/#primaryimage","url":"https:\/\/sabrierpaunet.com\/wp-content\/uploads\/2026\/01\/saint_aubin_127x84mm_det_hd-scaled.jpg","contentUrl":"https:\/\/sabrierpaunet.com\/wp-content\/uploads\/2026\/01\/saint_aubin_127x84mm_det_hd-scaled.jpg","width":3500,"height":3020},{"@type":"BreadcrumbList","@id":"https:\/\/sabrierpaunet.com\/#breadcrumb","itemListElement":[{"@type":"ListItem","position":1,"name":"Accueil","item":"https:\/\/sabrierpaunet.com\/"},{"@type":"ListItem","position":2,"name":"Actualit\u00e9s"}]},{"@type":"WebSite","@id":"https:\/\/sabrierpaunet.com\/#website","url":"https:\/\/sabrierpaunet.com\/","name":"Sabrier & Paunet","description":"\u0153uvres sur papier de ma\u00eetres anciens et du XIXe si\u00e8cle","publisher":{"@id":"https:\/\/sabrierpaunet.com\/#organization"},"potentialAction":[{"@type":"SearchAction","target":{"@type":"EntryPoint","urlTemplate":"https:\/\/sabrierpaunet.com\/?s={search_term_string}"},"query-input":{"@type":"PropertyValueSpecification","valueRequired":true,"valueName":"search_term_string"}}],"inLanguage":"fr-FR"},{"@type":"Organization","@id":"https:\/\/sabrierpaunet.com\/#organization","name":"Sabrier & Paunet","url":"https:\/\/sabrierpaunet.com\/","logo":{"@type":"ImageObject","inLanguage":"fr-FR","@id":"https:\/\/sabrierpaunet.com\/#\/schema\/logo\/image\/","url":"https:\/\/sabrierpaunet.com\/wp-content\/uploads\/2024\/01\/logo_Square_Web_new.png","contentUrl":"https:\/\/sabrierpaunet.com\/wp-content\/uploads\/2024\/01\/logo_Square_Web_new.png","width":1000,"height":1000,"caption":"Sabrier & Paunet"},"image":{"@id":"https:\/\/sabrierpaunet.com\/#\/schema\/logo\/image\/"},"sameAs":["https:\/\/www.instagram.com\/sabrier_paunet"]}]}},"_links":{"self":[{"href":"https:\/\/sabrierpaunet.com\/index.php\/wp-json\/wp\/v2\/pages\/15","targetHints":{"allow":["GET"]}}],"collection":[{"href":"https:\/\/sabrierpaunet.com\/index.php\/wp-json\/wp\/v2\/pages"}],"about":[{"href":"https:\/\/sabrierpaunet.com\/index.php\/wp-json\/wp\/v2\/types\/page"}],"author":[{"embeddable":true,"href":"https:\/\/sabrierpaunet.com\/index.php\/wp-json\/wp\/v2\/users\/2"}],"replies":[{"embeddable":true,"href":"https:\/\/sabrierpaunet.com\/index.php\/wp-json\/wp\/v2\/comments?post=15"}],"version-history":[{"count":92,"href":"https:\/\/sabrierpaunet.com\/index.php\/wp-json\/wp\/v2\/pages\/15\/revisions"}],"predecessor-version":[{"id":1552,"href":"https:\/\/sabrierpaunet.com\/index.php\/wp-json\/wp\/v2\/pages\/15\/revisions\/1552"}],"wp:attachment":[{"href":"https:\/\/sabrierpaunet.com\/index.php\/wp-json\/wp\/v2\/media?parent=15"}],"curies":[{"name":"wp","href":"https:\/\/api.w.org\/{rel}","templated":true}]}}